{"id":167611,"date":"2026-04-01T16:01:07","date_gmt":"2026-04-01T16:01:07","guid":{"rendered":"https:\/\/terresdaurea.fr\/?page_id=167611"},"modified":"2026-04-02T12:06:27","modified_gmt":"2026-04-02T12:06:27","slug":"kit-presse","status":"publish","type":"page","link":"https:\/\/terresdaurea.fr\/index.php\/kit-presse\/","title":{"rendered":"Kit presse"},"content":{"rendered":"<div class=\"wpb-content-wrapper\"><p>[vc_row row_height_percent=\u00a0\u00bb0&Prime; back_color=\u00a0\u00bbcolor-xsdn\u00a0\u00bb overlay_alpha=\u00a0\u00bb50&Prime; gutter_size=\u00a0\u00bb3&Prime; column_width_percent=\u00a0\u00bb100&Prime; shift_y=\u00a0\u00bb0&Prime; z_index=\u00a0\u00bb0&Prime; content_parallax=\u00a0\u00bb0&Prime; uncode_shortcode_id=\u00a0\u00bb560577&Prime; back_color_type=\u00a0\u00bbuncode-palette\u00a0\u00bb][vc_column width=\u00a0\u00bb1\/1&Prime;][vc_custom_heading uncode_shortcode_id=\u00a0\u00bb189397&Prime;]<\/p>\n<h1 style=\"text-align: center;\">Kit presse<\/h1>\n<p>[\/vc_custom_heading][\/vc_column][\/vc_row][vc_row][vc_column width=\u00a0\u00bb1\/1&Prime;][vc_column_text uncode_shortcode_id=\u00a0\u00bb131598&Prime;]Bienvenue dans l&rsquo;espace presse de Terres d\u2019Aurea. Vous trouverez ici l&rsquo;ensemble des ressources n\u00e9cessaires pour illustrer vos articles et reportages ; nous mettons \u00e0 votre disposition notre logo ainsi qu&rsquo;une s\u00e9lection de photographies, libres d&rsquo;utilisation pour toute communication concernant les activit\u00e9s de notre compagnie.[\/vc_column_text][\/vc_column][\/vc_row][vc_row][vc_column width=\u00a0\u00bb1\/1&Prime;][vc_button border_width=\u00a0\u00bb0&Prime; uncode_shortcode_id=\u00a0\u00bb858785&Prime; link=\u00a0\u00bburl:https%3A%2F%2Fdrive.google.com%2Ffile%2Fd%2F1-8_hJPAbFGzkW3Psv1M-2UqzaC1wjBVS%2Fview%3Fusp%3Ddrive_link|title:kit-press-terres-aurea|target:_blank\u00a0\u00bb]T\u00e9l\u00e9chargez le kit presse[\/vc_button][\/vc_column][\/vc_row][vc_row][vc_column width=\u00a0\u00bb1\/1&Prime;][vc_empty_space empty_h=\u00a0\u00bb3&Prime;][\/vc_column][\/vc_row]<\/p>\n<\/div>","protected":false},"excerpt":{"rendered":"<p>[vc_row row_height_percent=\u00a0\u00bb0&Prime; back_color=\u00a0\u00bbcolor-xsdn\u00a0\u00bb overlay_alpha=\u00a0\u00bb50&Prime; gutter_size=\u00a0\u00bb3&Prime; column_width_percent=\u00a0\u00bb100&Prime; shift_y=\u00a0\u00bb0&Prime; z_index=\u00a0\u00bb0&Prime; content_parallax=\u00a0\u00bb0&Prime; uncode_shortcode_id=\u00a0\u00bb560577&Prime; back_color_type=\u00a0\u00bbuncode-palette\u00a0\u00bb][vc_column width=\u00a0\u00bb1\/1&Prime;][vc_custom_heading uncode_shortcode_id=\u00a0\u00bb189397&Prime;] Kit presse [\/vc_custom_heading][\/vc_column][\/vc_row][vc_row][vc_column width=\u00a0\u00bb1\/1&Prime;][vc_column_text uncode_shortcode_id=\u00a0\u00bb131598&Prime;]Bienvenue dans l&rsquo;espace [&hellip;]<\/p>\n","protected":false},"author":3,"featured_media":0,"parent":0,"menu_order":0,"comment_status":"closed","ping_status":"closed","template":"","meta":{"footnotes":""},"class_list":["post-167611","page","type-page","status-publish","hentry"],"_links":{"self":[{"href":"https:\/\/terresdaurea.fr\/index.php\/wp-json\/wp\/v2\/pages\/167611","targetHints":{"allow":["GET"]}}],"collection":[{"href":"https:\/\/terresdaurea.fr\/index.php\/wp-json\/wp\/v2\/pages"}],"about":[{"href":"https:\/\/terresdaurea.fr\/index.php\/wp-json\/wp\/v2\/types\/page"}],"author":[{"embeddable":true,"href":"https:\/\/terresdaurea.fr\/index.php\/wp-json\/wp\/v2\/users\/3"}],"replies":[{"embeddable":true,"href":"https:\/\/terresdaurea.fr\/index.php\/wp-json\/wp\/v2\/comments?post=167611"}],"version-history":[{"count":8,"href":"https:\/\/terresdaurea.fr\/index.php\/wp-json\/wp\/v2\/pages\/167611\/revisions"}],"predecessor-version":[{"id":167620,"href":"https:\/\/terresdaurea.fr\/index.php\/wp-json\/wp\/v2\/pages\/167611\/revisions\/167620"}],"wp:attachment":[{"href":"https:\/\/terresdaurea.fr\/index.php\/wp-json\/wp\/v2\/media?parent=167611"}],"curies":[{"name":"wp","href":"https:\/\/api.w.org\/{rel}","templated":true}]}}